{"id":1321,"date":"2022-02-09T16:41:15","date_gmt":"2022-02-09T16:41:15","guid":{"rendered":"https:\/\/theluxurylist.nyc\/privacy-policy\/"},"modified":"2023-11-30T19:08:06","modified_gmt":"2023-11-30T19:08:06","slug":"politica-de-privacidade","status":"publish","type":"page","link":"https:\/\/theluxurylist.nyc\/pt-br\/politica-de-privacidade\/","title":{"rendered":"Pol\u00edtica de Privacidade"},"content":{"rendered":"\r\n<h1 class=\"wp-block-heading\">Pol\u00edtica de Privacidade<\/h1>\r\n<p>\u00daltima atualiza\u00e7\u00e3o em 31 de julho de 2022.<\/p>\r\n<p>Esta pol\u00edtica de privacidade para a The Luxury List LLC (&#8220;The Luxury List&#8221;, ou &#8220;TLL&#8221;, ou &#8220;n\u00f3s&#8221;, ou &#8220;nosso&#8221;) descreve como e por que podemos coletar, armazenar, usar e\/ou compartilhar (&#8220;Processar&#8221;) suas informa\u00e7\u00f5es quando voc\u00ea utiliza nossos servi\u00e7os (&#8220;Servi\u00e7os&#8221;) ou visita nosso site <a href=\"https:\/\/www.theluxurylist.nyc\">https:\/\/www.theluxurylist.nyc<\/a> (&#8220;Site&#8221;). Lendo esta pol\u00edtica de privacidade ajudar\u00e1 voc\u00ea a entender seus direitos e escolhas de privacidade. Se voc\u00ea n\u00e3o concorda com nossas pol\u00edticas e pr\u00e1ticas, por favor, n\u00e3o use nossos Servi\u00e7os. Em caso de d\u00favidas ou perguntas, entre em contato atrav\u00e9s do e-mail contact@theluxurylist.nyc. Por favor, revise tamb\u00e9m nossos Termos e Condi\u00e7\u00f5es de Uso completos, que regem o uso do nosso Site.<\/p>\r\n<ol>\r\n<li><strong>Atualiza\u00e7\u00f5es da Pol\u00edtica de Privacidade. <\/strong>A The Luxury List LLC pode precisar atualizar esta Pol\u00edtica de Privacidade de tempos em tempos. Se assim for, a The Luxury List LLC publicar\u00e1 sua Pol\u00edtica de Privacidade atualizada em nosso site localizado em <a href=\"https:\/\/www.theluxurylist.nyc\">https:\/\/www.theluxurylist.nyc<\/a>, podendo enviar aos usu\u00e1rios cadastrados um e-mail comunicando as atualiza\u00e7\u00f5es. Se alguma modifica\u00e7\u00e3o for inaceit\u00e1vel para voc\u00ea, voc\u00ea deve deixar de usar este Site e os Servi\u00e7os. Se voc\u00ea n\u00e3o deixar de usar este Site e os Servi\u00e7os, voc\u00ea ser\u00e1 considerado como tendo aceitado a altera\u00e7\u00e3o.<\/li>\r\n<li><strong>Dados que Coletamos. <\/strong><\/li>\r\n<\/ol>\r\n<p><strong>Informa\u00e7\u00f5es pessoais que voc\u00ea nos divulga\u00e7\u00e3o. <\/strong>\u00a0Coletamos informa\u00e7\u00f5es pessoais que voc\u00ea nos fornece voluntariamente quando nos contata com perguntas, solicita nossos Servi\u00e7os pelo formul\u00e1rio de contato, usa nossos Servi\u00e7os ou assina nosso boletim informativo. Podemos solicitar informa\u00e7\u00f5es atrav\u00e9s do formul\u00e1rio de prefer\u00eancia do cliente para suas solicita\u00e7\u00f5es e\/ou planos de viagem. As informa\u00e7\u00f5es pessoais que coletamos dependem do contexto de suas intera\u00e7\u00f5es conosco e dos Servi\u00e7os, das escolhas que voc\u00ea faz e dos produtos e recursos que voc\u00ea usa. As informa\u00e7\u00f5es pessoais que coletamos podem incluir:<\/p>\r\n<ul>\r\n<li>Nome<\/li>\r\n<li>N\u00famero de telefone<\/li>\r\n<li>Endere\u00e7o f\u00edsico<\/li>\r\n<li>Endere\u00e7o de e-mail<\/li>\r\n<li>Prefer\u00eancia de contato<\/li>\r\n<li>Endere\u00e7o de fatura<\/li>\r\n<li>N\u00famero de cart\u00f5es de d\u00e9bito\/cr\u00e9dito<\/li>\r\n<\/ul>\r\n<p>Podemos coletar dados de pagamento necess\u00e1rios para processar seu pagamento, se voc\u00ea decidir usar nossos Servi\u00e7os, e\/ou para podermos fornecer nossos Servi\u00e7os para voc\u00ea (reservas, compras de ingressos, etc. , em seu nome). Consulte nossos Termos e Condi\u00e7\u00f5es para obter informa\u00e7\u00f5es sobre pagamentos. Os pagamentos conclu\u00eddos atrav\u00e9s da plataforma de pagamento Stripe ser\u00e3o armazenados pela Stripe. Voc\u00ea pode encontrar o link da pol\u00edtica de privacidade aqui: https:\/\/stripe.com\/br\/privacy.<\/p>\r\n<p>Todas as informa\u00e7\u00f5es pessoais que voc\u00ea nos fornece devem ser verdadeiras, completas e precisas, e voc\u00ea deve nos notificar de quaisquer altera\u00e7\u00f5es em tais informa\u00e7\u00f5es pessoais.<\/p>\r\n<p><strong>Informa\u00e7\u00f5es coletadas automaticamente. <\/strong>\u00a0Coletamos automaticamente certas informa\u00e7\u00f5es quando voc\u00ea visita, usa ou navega os Servi\u00e7os ou nosso Site. Essas informa\u00e7\u00f5es n\u00e3o revelam sua identidade espec\u00edfica (como seu nome ou informa\u00e7\u00f5es de contato), mas podem incluir informa\u00e7\u00f5es de dispositivo e uso, como seu endere\u00e7o IP, caracter\u00edsticas do navegador e do dispositivo, sistema operacional, prefer\u00eancias de idioma, URLs, nome do dispositivo, localiza\u00e7\u00e3o do pa\u00eds, informa\u00e7\u00f5es sobre como e quando voc\u00ea usa nossos servi\u00e7os e outras informa\u00e7\u00f5es t\u00e9cnicas. Essas informa\u00e7\u00f5es s\u00e3o necess\u00e1rias principalmente para manter a seguran\u00e7a e o funcionamento de nossos Servi\u00e7os e para nossos fins de an\u00e1lise interna. Como muitas empresas, tamb\u00e9m coletamos informa\u00e7\u00f5es atrav\u00e9s de cookies e tecnologias similares.<\/p>\r\n<p>As informa\u00e7\u00f5es que coletamos incluem:<\/p>\r\n<ul>\r\n<li><em>Dados de localiza\u00e7\u00e3o.<\/em> Podemos coletar dados de localiza\u00e7\u00e3o, como informa\u00e7\u00f5es sobre a localiza\u00e7\u00e3o do seu dispositivo, que podem ser precisas ou imprecisas. Por exemplo, podemos usar GPS e outras tecnologias para coletar dados de geolocaliza\u00e7\u00e3o que nos informam sua localiza\u00e7\u00e3o atual (com base no seu endere\u00e7o IP). Voc\u00ea pode optar por n\u00e3o permitir que coletemos essas informa\u00e7\u00f5es, recusando o acesso \u00e0s informa\u00e7\u00f5es ou desativando sua configura\u00e7\u00e3o de localiza\u00e7\u00e3o em seu dispositivo. No entanto, se voc\u00ea optar por optar por sair, voc\u00ea pode n\u00e3o ser capaz de usar certos aspectos dos Servi\u00e7os.<\/li>\r\n<\/ul>\r\n<ol start=\"3\">\r\n<li><strong>Como Processamos Suas Informa\u00e7\u00f5es.<\/strong> Podemos usar suas informa\u00e7\u00f5es pessoais e\/ou de pagamento para os seguintes prop\u00f3sitos:<\/li>\r\n<\/ol>\r\n<ul>\r\n<li>Para operar e manter o Site<\/li>\r\n<li>Para enviar informa\u00e7\u00f5es promocionais, como boletins informativos, se voc\u00ea \u00e9 assinante.<\/li>\r\n<li>Para enviar comunica\u00e7\u00f5es administrativas, como e-mails de confirma\u00e7\u00e3o, avisos t\u00e9cnicos, atualiza\u00e7\u00f5es sobre pol\u00edticas ou alertas de seguran\u00e7a.<\/li>\r\n<li>Para responder aos seus coment\u00e1rios ou perguntas<\/li>\r\n<li>Para fornecer nossos servi\u00e7os<\/li>\r\n<li>Para solicitar feedback<\/li>\r\n<li>Para proteger nossos Servi\u00e7os<\/li>\r\n<\/ul>\r\n<p>N\u00e3o compartilharemos suas informa\u00e7\u00f5es voluntariamente com empresas fora da The Luxury List LLC, exceto conforme descrito nesta Pol\u00edtica de Privacidade, ou conforme exigido por lei. Tamb\u00e9m n\u00e3o vendemos informa\u00e7\u00f5es pessoalmente identific\u00e1veis de nenhum usu\u00e1rio. As informa\u00e7\u00f5es de pagamento fornecidas por voc\u00ea ser\u00e3o usadas exclusivamente para fornecer nossos servi\u00e7os a voc\u00ea. Depois que nosso servi\u00e7o para voc\u00ea tiver sido entregue e encerrado, todas as informa\u00e7\u00f5es de pagamento coletadas exclusivamente pela The Luxury List LLC ser\u00e3o exclu\u00eddas permanentemente. As informa\u00e7\u00f5es de pagamento coletadas por provedores de servi\u00e7os de terceiros listados nesta Pol\u00edtica de Privacidade obedecer\u00e3o \u00e0 sua respectiva pol\u00edtica de privacidade.<\/p>\r\n<ol start=\"4\">\r\n<li><strong>Bases Legais Para Processar Suas Informa\u00e7\u00f5es.<\/strong> N\u00f3s apenas processamos suas informa\u00e7\u00f5es pessoais quando acreditamos que \u00e9 necess\u00e1rio e temos uma raz\u00e3o legal v\u00e1lida (ou seja, base jur\u00eddica) para faz\u00ea-lo sob a lei aplic\u00e1vel, como com seu consentimento, para cumprir as leis, para fornecer-lhe nossos servi\u00e7os, para proteger seus direitos, ou para cumprir nossos leg\u00edtimos interesses comerciais.<\/li>\r\n<\/ol>\r\n<p><strong><em><u>Se voc\u00ea estiver localizado na UE ou no Reino Unido, esta se\u00e7\u00e3o se aplica a voc\u00ea.<\/u><\/em><\/strong><\/p>\r\n<p>O General Data Protection Regulation (GDPR) e o UK GDPR exigem que expliquemos as bases legais v\u00e1lidas em que confiamos para processar suas informa\u00e7\u00f5es pessoais. Como tal, podemos confiar nas seguintes bases legais para processar suas informa\u00e7\u00f5es pessoais:<\/p>\r\n<ul>\r\n<li>Podemos processar suas informa\u00e7\u00f5es se voc\u00ea nos deu permiss\u00e3o (ou seja, consentimento) para usar suas informa\u00e7\u00f5es pessoais para um prop\u00f3sito espec\u00edfico. Voc\u00ea pode retirar seu consentimento a qualquer momento.<\/li>\r\n<li><strong>Desempenho de um Contrato.<\/strong> Podemos processar suas informa\u00e7\u00f5es pessoais quando acreditamos que \u00e9 necess\u00e1rio para cumprir nossas obriga\u00e7\u00f5es contratuais com voc\u00ea, incluindo a presta\u00e7\u00e3o de nossos Servi\u00e7os ou a seu pedido antes de entrar em um contrato com voc\u00ea.<\/li>\r\n<li><strong>Interesses Leg\u00edtimos.<\/strong> Podemos processar suas informa\u00e7\u00f5es quando acreditamos que \u00e9 razoavelmente necess\u00e1rio para alcan\u00e7ar nossos leg\u00edtimos interesses comerciais e esses interesses n\u00e3o superam seus interesses e direitos e liberdades fundamentais. Por exemplo, podemos processar suas informa\u00e7\u00f5es pessoais para alguns dos prop\u00f3sitos descritos a fim de:\r\n<ul>\r\n<li>Enviar aos usu\u00e1rios informa\u00e7\u00f5es sobre ofertas especiais e descontos em nossos produtos e servi\u00e7os<\/li>\r\n<li>Diagnosticar problemas e\/ou prevenir atividades fraudulentas<\/li>\r\n<li>Entender como nossos usu\u00e1rios usam nossos produtos e servi\u00e7os para que possamos melhorar a experi\u00eancia do usu\u00e1rio<\/li>\r\n<\/ul>\r\n<\/li>\r\n<li><strong>Obriga\u00e7\u00f5es Legais.<\/strong> Podemos processar suas informa\u00e7\u00f5es quando acreditamos que \u00e9 necess\u00e1rio para o cumprimento de nossas obriga\u00e7\u00f5es legais, como cooperar com um \u00f3rg\u00e3o de aplica\u00e7\u00e3o da lei ou ag\u00eancia reguladora, exercer ou defender nossos direitos legais, ou divulgar suas informa\u00e7\u00f5es como evid\u00eancia em lit\u00edgios nos quais estamos envolvidos.<\/li>\r\n<li><strong>Interesses Vitais.<\/strong> Podemos processar suas informa\u00e7\u00f5es quando acreditamos que \u00e9 necess\u00e1rio para proteger seus interesses vitais ou os interesses vitais de terceiros, como situa\u00e7\u00f5es envolvendo potenciais amea\u00e7as \u00e0 seguran\u00e7a de qualquer pessoa.<\/li>\r\n<\/ul>\r\n<p><strong><em><u>Se voc\u00ea estiver localizado no Canad\u00e1, esta se\u00e7\u00e3o se aplica a voc\u00ea.<\/u><\/em><\/strong><\/p>\r\n<p>Podemos processar suas informa\u00e7\u00f5es se voc\u00ea nos deu permiss\u00e3o espec\u00edfica (ou seja, consentimento expresso) para usar suas informa\u00e7\u00f5es pessoais para um prop\u00f3sito espec\u00edfico, ou em situa\u00e7\u00f5es em que sua permiss\u00e3o pode ser inferida (ou seja, consentimento impl\u00edcito). Voc\u00ea pode retirar seu consentimento a qualquer momento.<\/p>\r\n<p>Em alguns casos excepcionais, podemos ser legalmente autorizados pela lei aplic\u00e1vel a processar suas informa\u00e7\u00f5es sem o seu consentimento, incluindo, por exemplo:<\/p>\r\n<ul>\r\n<li>Se a coleta \u00e9 claramente do interesse de um indiv\u00edduo e o consentimento n\u00e3o pode ser obtido a tempo<\/li>\r\n<li>Para investiga\u00e7\u00f5es e detec\u00e7\u00e3o e preven\u00e7\u00e3o de fraudes<\/li>\r\n<li>Para transa\u00e7\u00f5es comerciais desde que certas condi\u00e7\u00f5es sejam atendidas<\/li>\r\n<li>Se ele estiver contido em um depoimento de testemunha e a cobran\u00e7a for necess\u00e1ria para avaliar, processar ou resolver uma reclama\u00e7\u00e3o de seguro<\/li>\r\n<li>Para identificar pessoas feridas, doentes ou falecidas e se comunicar com parentes pr\u00f3ximos<\/li>\r\n<li>Se temos motivos razo\u00e1veis para acreditar que um indiv\u00edduo foi, \u00e9 ou pode ser v\u00edtima de abuso financeiro<\/li>\r\n<li>Se for razo\u00e1vel esperar que a coleta e o uso com consentimento comprometam a disponibilidade ou a exatid\u00e3o das informa\u00e7\u00f5es e a coleta \u00e9 razo\u00e1vel para fins relacionados \u00e0 investiga\u00e7\u00e3o de uma viola\u00e7\u00e3o de um acordo ou uma viola\u00e7\u00e3o das leis do Canad\u00e1 ou de uma prov\u00edncia<\/li>\r\n<li>Se a divulga\u00e7\u00e3o for necess\u00e1ria para cumprir uma intima\u00e7\u00e3o, mandado, ordem judicial ou regras do tribunal relativas \u00e0 produ\u00e7\u00e3o de registros<\/li>\r\n<li>Se foi produzido por um indiv\u00edduo no curso de seu emprego, neg\u00f3cios ou profiss\u00e3o e a coleta \u00e9 consistente com os prop\u00f3sitos para os quais as informa\u00e7\u00f5es foram produzidas<\/li>\r\n<li>Se o acervo for exclusivamente para fins jornal\u00edsticos, art\u00edsticos ou liter\u00e1rios<\/li>\r\n<li>Se as informa\u00e7\u00f5es est\u00e3o dispon\u00edveis publicamente e especificadas pelos regulamentos<\/li>\r\n<\/ul>\r\n<ol start=\"5\">\r\n<li><strong>Coleta e Uso de Dados por Terceiros.<\/strong> Este Site pode usar plugins de terceiros e\/ou provedores de servi\u00e7os para fornecer nossos Servi\u00e7os. O uso de suas informa\u00e7\u00f5es pessoais por cada provedor de servi\u00e7os de terceiros \u00e9 ditado por suas respectivas pol\u00edticas de privacidade. Este site atualmente usa os seguintes provedores de servi\u00e7os de terceiros: Stripe Payment Services, WP Form.<\/li>\r\n<li><strong>Quanto Tempo Mantemos Suas Informa\u00e7\u00f5es.<\/strong> Somente manteremos suas informa\u00e7\u00f5es pessoais pelo tempo necess\u00e1rio para os fins estabelecidos neste aviso de privacidade, a menos que um per\u00edodo de reten\u00e7\u00e3o mais longo seja exigido ou permitido por lei (como impostos, contabilidade ou outros requisitos legais).<\/li>\r\n<\/ol>\r\n<p>Quando n\u00e3o tivermos nenhuma necessidade de neg\u00f3cios leg\u00edtimos em andamento para processar suas informa\u00e7\u00f5es pessoais, ou exclu\u00edremos ou anonimizaremos tais informa\u00e7\u00f5es, ou, se isso n\u00e3o for poss\u00edvel (por exemplo, porque suas informa\u00e7\u00f5es pessoais foram armazenadas em arquivos de backup), ent\u00e3o armazenaremos suas informa\u00e7\u00f5es pessoais com seguran\u00e7a e as isolaremos de qualquer processamento adicional at\u00e9 que a exclus\u00e3o seja poss\u00edvel.<\/p>\r\n<ol start=\"7\">\r\n<li><strong>Como Mantemos Suas Informa\u00e7\u00f5es Seguras.<\/strong> Implementamos medidas de seguran\u00e7a t\u00e9cnica e organizacional adequadas e razo\u00e1veis projetadas para proteger a seguran\u00e7a de quaisquer informa\u00e7\u00f5es pessoais que processarmos. No entanto, apesar de nossas precau\u00e7\u00f5es e esfor\u00e7os para proteger suas informa\u00e7\u00f5es, nenhuma transmiss\u00e3o eletr\u00f4nica pela Internet ou tecnologia de armazenamento de informa\u00e7\u00f5es pode ser garantida como 100% segura, por isso n\u00e3o podemos prometer ou garantir que hackers, cibercriminosos ou outros terceiros n\u00e3o autorizados n\u00e3o ser\u00e3o capazes de derrotar nossa seguran\u00e7a e coletar, acessar, roubar ou modificar suas informa\u00e7\u00f5es indevidamente. Embora fa\u00e7amos o nosso melhor para proteger suas informa\u00e7\u00f5es pessoais, a transmiss\u00e3o de informa\u00e7\u00f5es pessoais de e para nossos Servi\u00e7os \u00e9 por sua conta e risco. Voc\u00ea s\u00f3 deve acessar os Servi\u00e7os dentro de um ambiente seguro.<\/li>\r\n<li><strong>Pol\u00edtica de Menores.<\/strong> Este site n\u00e3o \u00e9 destinado a menores de 18 anos. Se voc\u00ea tem menos de 18 anos, voc\u00ea s\u00f3 poder\u00e1 usar o Site sob a supervis\u00e3o de um pai ou respons\u00e1vel. N\u00e3o solicitamos conscientemente dados de menores de 18 anos. Ao usar os Servi\u00e7os, voc\u00ea confirma que voc\u00ea tem pelo menos 18 anos ou que \u00e9 o pai ou respons\u00e1vel de tal menor e consente com o uso dos Servi\u00e7os pelos menores dependentes. Se soubermos que informa\u00e7\u00f5es pessoais de usu\u00e1rios com menos de 18 anos foram coletadas, desativaremos a conta e tomaremos medidas razo\u00e1veis para excluir prontamente esses dados de nossos registros. Se voc\u00ea tomar conhecimento de qualquer dado que possamos ter coletado de crian\u00e7as menores de 18 anos, entre em contato conosco atrav\u00e9s do e-mail contact@theluxurylist.nyc.<\/li>\r\n<li><strong>Optar Por N\u00e3o Receber E-mails.<\/strong> Voc\u00ea pode optar por para de receber e-mails entrando em contato conosco atrav\u00e9s do e-mail<a href=\"mailto:contact@theluxurylist.nyc\"> contact@theluxurylist.nyc<\/a>.\u00a0<\/li>\r\n<li><strong>Acesso ou Remo\u00e7\u00e3o de Suas Informa\u00e7\u00f5es. <\/strong>Se voc\u00ea quiser solicitar acesso, modifica\u00e7\u00e3o ou exclus\u00e3o de qualquer informa\u00e7\u00e3o pessoal que voc\u00ea nos forneceu, voc\u00ea pode faz\u00ea-lo enviando um e-mail para<a href=\"mailto:contact@theluxurylist.nyc\"> contact@theluxurylist.nyc<\/a>.<\/li>\r\n<li>Se voc\u00ea tiver alguma d\u00favida ou pergunta sobre nossa Pol\u00edtica de Privacidade, voc\u00ea pode entrar em contato com a The Luxury List LLC em:<\/li>\r\n<\/ol>\r\n<p>The Luxury List LLC<\/p>\r\n<p>+1 (212) 287-5869<\/p>\r\n<p><a href=\"mailto:contact@theluxurylist.nyc\">contact@theluxurylist.nyc<\/a><\/p>\r\n","protected":false},"excerpt":{"rendered":"<p>Pol\u00edtica de Privacidade \u00daltima atualiza\u00e7\u00e3o em 31 de julho de 2022. Esta pol\u00edtica de privacidade para a The Luxury List LLC (&#8220;The Luxury List&#8221;, ou &#8220;TLL&#8221;, ou &#8220;n\u00f3s&#8221;, ou &#8220;nosso&#8221;)&#8230;<\/p>\n","protected":false},"author":1,"featured_media":0,"parent":0,"menu_order":0,"comment_status":"closed","ping_status":"open","template":"","meta":{"om_disable_all_campaigns":false,"_monsterinsights_skip_tracking":false,"_monsterinsights_sitenote_active":false,"_monsterinsights_sitenote_note":"","_monsterinsights_sitenote_category":0,"footnotes":""},"class_list":["post-1321","page","type-page","status-publish"],"yoast_head":"<!-- This site is optimized with the Yoast SEO plugin v27.4 - https:\/\/yoast.com\/product\/yoast-seo-wordpress\/ -->\n<title>Pol\u00edtica de Privacidade - The Luxury List<\/title>\n<meta name=\"description\" content=\"Pol\u00edtica de Privacidade | The Luxury List The Luxury List, designers de experi\u00eancias em NYC. Designers de Experi\u00eancias em NYC\" \/>\n<meta name=\"robots\" content=\"index, follow, max-snippet:-1, max-image-preview:large, max-video-preview:-1\" \/>\n<link rel=\"canonical\" href=\"https:\/\/theluxurylist.nyc\/pt-br\/politica-de-privacidade\/\" \/>\n<meta property=\"og:locale\" content=\"pt_BR\" \/>\n<meta property=\"og:type\" content=\"article\" \/>\n<meta property=\"og:title\" content=\"Pol\u00edtica de Privacidade - The Luxury List\" \/>\n<meta property=\"og:description\" content=\"Pol\u00edtica de Privacidade | The Luxury List The Luxury List, designers de experi\u00eancias em NYC. Designers de Experi\u00eancias em NYC\" \/>\n<meta property=\"og:url\" content=\"https:\/\/theluxurylist.nyc\/pt-br\/politica-de-privacidade\/\" \/>\n<meta property=\"og:site_name\" content=\"The Luxury List\" \/>\n<meta property=\"article:modified_time\" content=\"2023-11-30T19:08:06+00:00\" \/>\n<meta property=\"og:image\" content=\"https:\/\/theluxurylist.nyc\/wp-content\/uploads\/OG-Image-tll.jpg\" \/>\n\t<meta property=\"og:image:width\" content=\"1200\" \/>\n\t<meta property=\"og:image:height\" content=\"620\" \/>\n\t<meta property=\"og:image:type\" content=\"image\/jpeg\" \/>\n<meta name=\"twitter:card\" content=\"summary_large_image\" \/>\n<meta name=\"twitter:label1\" content=\"Est. tempo de leitura\" \/>\n\t<meta name=\"twitter:data1\" content=\"9 minutos\" \/>\n<script type=\"application\/ld+json\" class=\"yoast-schema-graph\">{\"@context\":\"https:\\\/\\\/schema.org\",\"@graph\":[{\"@type\":\"WebPage\",\"@id\":\"https:\\\/\\\/theluxurylist.nyc\\\/pt-br\\\/politica-de-privacidade\\\/\",\"url\":\"https:\\\/\\\/theluxurylist.nyc\\\/pt-br\\\/politica-de-privacidade\\\/\",\"name\":\"Pol\u00edtica de Privacidade - The Luxury List\",\"isPartOf\":{\"@id\":\"https:\\\/\\\/theluxurylist.nyc\\\/#website\"},\"datePublished\":\"2022-02-09T16:41:15+00:00\",\"dateModified\":\"2023-11-30T19:08:06+00:00\",\"description\":\"Pol\u00edtica de Privacidade | The Luxury List The Luxury List, designers de experi\u00eancias em NYC. Designers de Experi\u00eancias em NYC\",\"breadcrumb\":{\"@id\":\"https:\\\/\\\/theluxurylist.nyc\\\/pt-br\\\/politica-de-privacidade\\\/#breadcrumb\"},\"inLanguage\":\"pt-BR\",\"potentialAction\":[{\"@type\":\"ReadAction\",\"target\":[\"https:\\\/\\\/theluxurylist.nyc\\\/pt-br\\\/politica-de-privacidade\\\/\"]}]},{\"@type\":\"BreadcrumbList\",\"@id\":\"https:\\\/\\\/theluxurylist.nyc\\\/pt-br\\\/politica-de-privacidade\\\/#breadcrumb\",\"itemListElement\":[{\"@type\":\"ListItem\",\"position\":1,\"name\":\"Home\",\"item\":\"https:\\\/\\\/theluxurylist.nyc\\\/pt-br\\\/inicio\\\/\"},{\"@type\":\"ListItem\",\"position\":2,\"name\":\"Pol\u00edtica de Privacidade\"}]},{\"@type\":\"WebSite\",\"@id\":\"https:\\\/\\\/theluxurylist.nyc\\\/#website\",\"url\":\"https:\\\/\\\/theluxurylist.nyc\\\/\",\"name\":\"The Luxury List\",\"description\":\"Experimente NYC\",\"publisher\":{\"@id\":\"https:\\\/\\\/theluxurylist.nyc\\\/#\\\/schema\\\/person\\\/1147c4c0bff5e475a305e8bfdc4e78a7\"},\"potentialAction\":[{\"@type\":\"SearchAction\",\"target\":{\"@type\":\"EntryPoint\",\"urlTemplate\":\"https:\\\/\\\/theluxurylist.nyc\\\/?s={search_term_string}\"},\"query-input\":{\"@type\":\"PropertyValueSpecification\",\"valueRequired\":true,\"valueName\":\"search_term_string\"}}],\"inLanguage\":\"pt-BR\"},{\"@type\":[\"Person\",\"Organization\"],\"@id\":\"https:\\\/\\\/theluxurylist.nyc\\\/#\\\/schema\\\/person\\\/1147c4c0bff5e475a305e8bfdc4e78a7\",\"name\":\"luxurynyc\",\"image\":{\"@type\":\"ImageObject\",\"inLanguage\":\"pt-BR\",\"@id\":\"https:\\\/\\\/theluxurylist.nyc\\\/wp-content\\\/uploads\\\/2022\\\/06\\\/logo-cream.png\",\"url\":\"https:\\\/\\\/theluxurylist.nyc\\\/wp-content\\\/uploads\\\/2022\\\/06\\\/logo-cream.png\",\"contentUrl\":\"https:\\\/\\\/theluxurylist.nyc\\\/wp-content\\\/uploads\\\/2022\\\/06\\\/logo-cream.png\",\"width\":500,\"height\":114,\"caption\":\"luxurynyc\"},\"logo\":{\"@id\":\"https:\\\/\\\/theluxurylist.nyc\\\/wp-content\\\/uploads\\\/2022\\\/06\\\/logo-cream.png\"},\"sameAs\":[\"https:\\\/\\\/theluxurylist.nyc\"]}]}<\/script>\n<!-- \/ Yoast SEO plugin. -->","yoast_head_json":{"title":"Pol\u00edtica de Privacidade - The Luxury List","description":"Pol\u00edtica de Privacidade | The Luxury List The Luxury List, designers de experi\u00eancias em NYC. Designers de Experi\u00eancias em NYC","robots":{"index":"index","follow":"follow","max-snippet":"max-snippet:-1","max-image-preview":"max-image-preview:large","max-video-preview":"max-video-preview:-1"},"canonical":"https:\/\/theluxurylist.nyc\/pt-br\/politica-de-privacidade\/","og_locale":"pt_BR","og_type":"article","og_title":"Pol\u00edtica de Privacidade - The Luxury List","og_description":"Pol\u00edtica de Privacidade | The Luxury List The Luxury List, designers de experi\u00eancias em NYC. Designers de Experi\u00eancias em NYC","og_url":"https:\/\/theluxurylist.nyc\/pt-br\/politica-de-privacidade\/","og_site_name":"The Luxury List","article_modified_time":"2023-11-30T19:08:06+00:00","og_image":[{"width":1200,"height":620,"url":"https:\/\/theluxurylist.nyc\/wp-content\/uploads\/OG-Image-tll.jpg","type":"image\/jpeg"}],"twitter_card":"summary_large_image","twitter_misc":{"Est. tempo de leitura":"9 minutos"},"schema":{"@context":"https:\/\/schema.org","@graph":[{"@type":"WebPage","@id":"https:\/\/theluxurylist.nyc\/pt-br\/politica-de-privacidade\/","url":"https:\/\/theluxurylist.nyc\/pt-br\/politica-de-privacidade\/","name":"Pol\u00edtica de Privacidade - The Luxury List","isPartOf":{"@id":"https:\/\/theluxurylist.nyc\/#website"},"datePublished":"2022-02-09T16:41:15+00:00","dateModified":"2023-11-30T19:08:06+00:00","description":"Pol\u00edtica de Privacidade | The Luxury List The Luxury List, designers de experi\u00eancias em NYC. Designers de Experi\u00eancias em NYC","breadcrumb":{"@id":"https:\/\/theluxurylist.nyc\/pt-br\/politica-de-privacidade\/#breadcrumb"},"inLanguage":"pt-BR","potentialAction":[{"@type":"ReadAction","target":["https:\/\/theluxurylist.nyc\/pt-br\/politica-de-privacidade\/"]}]},{"@type":"BreadcrumbList","@id":"https:\/\/theluxurylist.nyc\/pt-br\/politica-de-privacidade\/#breadcrumb","itemListElement":[{"@type":"ListItem","position":1,"name":"Home","item":"https:\/\/theluxurylist.nyc\/pt-br\/inicio\/"},{"@type":"ListItem","position":2,"name":"Pol\u00edtica de Privacidade"}]},{"@type":"WebSite","@id":"https:\/\/theluxurylist.nyc\/#website","url":"https:\/\/theluxurylist.nyc\/","name":"The Luxury List","description":"Experimente NYC","publisher":{"@id":"https:\/\/theluxurylist.nyc\/#\/schema\/person\/1147c4c0bff5e475a305e8bfdc4e78a7"},"potentialAction":[{"@type":"SearchAction","target":{"@type":"EntryPoint","urlTemplate":"https:\/\/theluxurylist.nyc\/?s={search_term_string}"},"query-input":{"@type":"PropertyValueSpecification","valueRequired":true,"valueName":"search_term_string"}}],"inLanguage":"pt-BR"},{"@type":["Person","Organization"],"@id":"https:\/\/theluxurylist.nyc\/#\/schema\/person\/1147c4c0bff5e475a305e8bfdc4e78a7","name":"luxurynyc","image":{"@type":"ImageObject","inLanguage":"pt-BR","@id":"https:\/\/theluxurylist.nyc\/wp-content\/uploads\/2022\/06\/logo-cream.png","url":"https:\/\/theluxurylist.nyc\/wp-content\/uploads\/2022\/06\/logo-cream.png","contentUrl":"https:\/\/theluxurylist.nyc\/wp-content\/uploads\/2022\/06\/logo-cream.png","width":500,"height":114,"caption":"luxurynyc"},"logo":{"@id":"https:\/\/theluxurylist.nyc\/wp-content\/uploads\/2022\/06\/logo-cream.png"},"sameAs":["https:\/\/theluxurylist.nyc"]}]}},"_links":{"self":[{"href":"https:\/\/theluxurylist.nyc\/pt-br\/wp-json\/wp\/v2\/pages\/1321","targetHints":{"allow":["GET"]}}],"collection":[{"href":"https:\/\/theluxurylist.nyc\/pt-br\/wp-json\/wp\/v2\/pages"}],"about":[{"href":"https:\/\/theluxurylist.nyc\/pt-br\/wp-json\/wp\/v2\/types\/page"}],"author":[{"embeddable":true,"href":"https:\/\/theluxurylist.nyc\/pt-br\/wp-json\/wp\/v2\/users\/1"}],"replies":[{"embeddable":true,"href":"https:\/\/theluxurylist.nyc\/pt-br\/wp-json\/wp\/v2\/comments?post=1321"}],"version-history":[{"count":5,"href":"https:\/\/theluxurylist.nyc\/pt-br\/wp-json\/wp\/v2\/pages\/1321\/revisions"}],"predecessor-version":[{"id":3154,"href":"https:\/\/theluxurylist.nyc\/pt-br\/wp-json\/wp\/v2\/pages\/1321\/revisions\/3154"}],"wp:attachment":[{"href":"https:\/\/theluxurylist.nyc\/pt-br\/wp-json\/wp\/v2\/media?parent=1321"}],"curies":[{"name":"wp","href":"https:\/\/api.w.org\/{rel}","templated":true}]}}