{"id":2871,"date":"2023-11-30T19:48:22","date_gmt":"2023-11-30T19:48:22","guid":{"rendered":"https:\/\/theluxurylist.nyc\/?page_id=2871"},"modified":"2023-11-30T19:48:22","modified_gmt":"2023-11-30T19:48:22","slug":"luxury-blog","status":"publish","type":"page","link":"https:\/\/theluxurylist.nyc\/pt-br\/luxury-blog\/","title":{"rendered":"Luxury Blog"},"content":{"rendered":"[vc_row type=&#8221;full_width_content&#8221; full_screen_row_position=&#8221;middle&#8221; column_margin=&#8221;default&#8221; column_direction=&#8221;default&#8221; column_direction_tablet=&#8221;default&#8221; column_direction_phone=&#8221;default&#8221; scene_position=&#8221;center&#8221; text_color=&#8221;dark&#8221; text_align=&#8221;left&#8221; row_border_radius=&#8221;none&#8221; row_border_radius_applies=&#8221;bg&#8221; overflow=&#8221;visible&#8221; overlay_strength=&#8221;0.3&#8243; gradient_direction=&#8221;left_to_right&#8221; shape_divider_position=&#8221;bottom&#8221; bg_image_animation=&#8221;none&#8221; shape_type=&#8221;&#8221;][vc_column column_padding=&#8221;no-extra-padding&#8221; column_padding_tablet=&#8221;inherit&#8221; column_padding_phone=&#8221;inherit&#8221; column_padding_position=&#8221;all&#8221; column_element_spacing=&#8221;default&#8221; background_color_opacity=&#8221;1&#8243; background_hover_color_opacity=&#8221;1&#8243; column_shadow=&#8221;none&#8221; column_border_radius=&#8221;none&#8221; column_link_target=&#8221;_self&#8221; column_position=&#8221;default&#8221; gradient_direction=&#8221;left_to_right&#8221; overlay_strength=&#8221;0.3&#8243; width=&#8221;1\/1&#8243; tablet_width_inherit=&#8221;default&#8221; tablet_text_alignment=&#8221;default&#8221; phone_text_alignment=&#8221;default&#8221; animation_type=&#8221;default&#8221; bg_image_animation=&#8221;none&#8221; border_type=&#8221;simple&#8221; column_border_width=&#8221;none&#8221; column_border_style=&#8221;solid&#8221;][recent_posts style=&#8221;single_large_featured&#8221; large_featured_padding=&#8221;12%&#8221; button_color=&#8221;Accent-Color&#8221; bg_overlay=&#8221;diagonal_gradient&#8221; category=&#8221;all&#8221; order=&#8221;DESC&#8221; orderby=&#8221;date&#8221; image_loading=&#8221;default&#8221; blog_remove_post_author=&#8221;true&#8221; blog_remove_post_comment_number=&#8221;true&#8221; blog_remove_post_nectar_love=&#8221;true&#8221;][\/vc_column][\/vc_row][vc_row type=&#8221;full_width_background&#8221; full_screen_row_position=&#8221;middle&#8221; column_margin=&#8221;default&#8221; column_direction=&#8221;default&#8221; column_direction_tablet=&#8221;default&#8221; column_direction_phone=&#8221;default&#8221; scene_position=&#8221;center&#8221; top_padding=&#8221;60px&#8221; constrain_group_1=&#8221;yes&#8221; bottom_padding=&#8221;60px&#8221; text_color=&#8221;dark&#8221; text_align=&#8221;left&#8221; row_border_radius=&#8221;none&#8221; row_border_radius_applies=&#8221;bg&#8221; overflow=&#8221;visible&#8221; advanced_gradient_angle=&#8221;0&#8243; overlay_strength=&#8221;0.3&#8243; gradient_direction=&#8221;left_to_right&#8221; shape_divider_position=&#8221;bottom&#8221; bg_image_animation=&#8221;none&#8221; shape_type=&#8221;&#8221; gradient_type=&#8221;default&#8221;][vc_column column_padding=&#8221;no-extra-padding&#8221; column_padding_tablet=&#8221;inherit&#8221; column_padding_phone=&#8221;inherit&#8221; column_padding_position=&#8221;all&#8221; column_element_spacing=&#8221;default&#8221; background_color_opacity=&#8221;1&#8243; background_hover_color_opacity=&#8221;1&#8243; column_shadow=&#8221;none&#8221; column_border_radius=&#8221;none&#8221; column_link_target=&#8221;_self&#8221; column_position=&#8221;default&#8221; advanced_gradient_angle=&#8221;0&#8243; gradient_direction=&#8221;left_to_right&#8221; overlay_strength=&#8221;0.3&#8243; width=&#8221;1\/1&#8243; tablet_width_inherit=&#8221;default&#8221; tablet_text_alignment=&#8221;default&#8221; phone_text_alignment=&#8221;default&#8221; animation_type=&#8221;default&#8221; bg_image_animation=&#8221;none&#8221; border_type=&#8221;simple&#8221; column_border_width=&#8221;none&#8221; column_border_style=&#8221;solid&#8221; gradient_type=&#8221;default&#8221;][nectar_blog layout=&#8221;std-blog-sidebar&#8221; blog_standard_style=&#8221;inherit&#8221; load_in_animation=&#8221;none&#8221; category=&#8221;all&#8221; enable_pagination=&#8221;true&#8221; pagination_type=&#8221;infinite_scroll&#8221; order=&#8221;DESC&#8221; orderby=&#8221;date&#8221; blog_remove_post_author=&#8221;true&#8221; blog_remove_post_comment_number=&#8221;true&#8221; blog_remove_post_nectar_love=&#8221;true&#8221; posts_per_page=&#8221;10&#8243; post_offset=&#8221;1&#8243;][\/vc_column][\/vc_row][vc_row type=&#8221;full_width_background&#8221; full_screen_row_position=&#8221;middle&#8221; column_margin=&#8221;none&#8221; equal_height=&#8221;yes&#8221; content_placement=&#8221;middle&#8221; column_direction=&#8221;default&#8221; column_direction_tablet=&#8221;default&#8221; column_direction_phone=&#8221;default&#8221; bg_color=&#8221;#aa704b&#8221; scene_position=&#8221;center&#8221; top_padding=&#8221;60px&#8221; constrain_group_1=&#8221;yes&#8221; bottom_padding=&#8221;60px&#8221; text_color=&#8221;custom&#8221; custom_text_color=&#8221;#dbd4c6&#8243; text_align=&#8221;center&#8221; row_border_radius=&#8221;none&#8221; row_border_radius_applies=&#8221;bg&#8221; overflow=&#8221;visible&#8221; id=&#8221;Subscribe&#8221; advanced_gradient=&#8221;linear-gradient(315deg, rgb(170,112,75) 10%, rgb(219,212,198) 90%)&#8221; advanced_gradient_angle=&#8221;315&#8243; shape_divider_position=&#8221;bottom&#8221; bg_image_animation=&#8221;none&#8221; gradient_type=&#8221;advanced&#8221; shape_type=&#8221;&#8221; advanced_gradient_display_type=&#8221;linear&#8221;][vc_column column_padding=&#8221;padding-4-percent&#8221; column_padding_tablet=&#8221;inherit&#8221; column_padding_phone=&#8221;inherit&#8221; column_padding_position=&#8221;all&#8221; column_element_spacing=&#8221;0px&#8221; background_color_opacity=&#8221;1&#8243; background_hover_color_opacity=&#8221;1&#8243; background_image=&#8221;3138&#8243; background_image_position=&#8221;center center&#8221; enable_bg_scale=&#8221;true&#8221; background_image_loading=&#8221;default&#8221; column_shadow=&#8221;none&#8221; column_border_radius=&#8221;none&#8221; column_link_target=&#8221;_self&#8221; column_position=&#8221;default&#8221; advanced_gradient_angle=&#8221;0&#8243; gradient_direction=&#8221;left_to_right&#8221; overlay_strength=&#8221;0.3&#8243; width=&#8221;1\/1&#8243; tablet_width_inherit=&#8221;default&#8221; tablet_text_alignment=&#8221;default&#8221; phone_text_alignment=&#8221;default&#8221; animation_type=&#8221;default&#8221; bg_image_animation=&#8221;zoom-out-slow&#8221; border_type=&#8221;simple&#8221; column_border_width=&#8221;1px&#8221; column_border_color=&#8221;#aa704b&#8221; column_border_style=&#8221;solid&#8221; gradient_type=&#8221;default&#8221;][vc_row_inner column_margin=&#8221;default&#8221; column_direction=&#8221;default&#8221; column_direction_tablet=&#8221;default&#8221; column_direction_phone=&#8221;default&#8221; left_padding_desktop=&#8221;0&#8243; constrain_group_2=&#8221;yes&#8221; right_padding_desktop=&#8221;0&#8243; left_padding_tablet=&#8221;10%&#8221; constrain_group_4=&#8221;yes&#8221; right_padding_tablet=&#8221;10%&#8221; left_padding_phone=&#8221;5%&#8221; constrain_group_6=&#8221;yes&#8221; right_padding_phone=&#8221;5%&#8221; text_align=&#8221;left&#8221; row_position=&#8221;default&#8221; row_position_tablet=&#8221;inherit&#8221; row_position_phone=&#8221;inherit&#8221; overflow=&#8221;visible&#8221; pointer_events=&#8221;all&#8221;][vc_column_inner column_padding=&#8221;padding-8-percent&#8221; column_padding_tablet=&#8221;inherit&#8221; column_padding_phone=&#8221;inherit&#8221; column_padding_position=&#8221;all&#8221; column_element_spacing=&#8221;0px&#8221; background_color=&#8221;#1b1b1b&#8221; background_color_opacity=&#8221;1&#8243; background_hover_color_opacity=&#8221;1&#8243; column_shadow=&#8221;x_large_depth&#8221; column_border_radius=&#8221;3px&#8221; column_link_target=&#8221;_self&#8221; advanced_gradient_angle=&#8221;0&#8243; gradient_direction=&#8221;left_to_right&#8221; overlay_strength=&#8221;0.3&#8243; width=&#8221;1\/1&#8243; tablet_width_inherit=&#8221;default&#8221; animation_type=&#8221;default&#8221; bg_image_animation=&#8221;none&#8221; border_type=&#8221;simple&#8221; column_border_width=&#8221;none&#8221; column_border_style=&#8221;solid&#8221; gradient_type=&#8221;default&#8221;][nectar_gradient_text heading_tag=&#8221;h2&#8243; color=&#8221;extra-color-gradient-1&#8243; gradient_direction=&#8221;horizontal&#8221; text=&#8221;Descubra Dicas Exclusivas de NYC com um Ebook Cortesia&#8221;][vc_column_text css=&#8221;.vc_custom_1698155384598{margin-bottom: 30px !important;}&#8221; max_width=&#8221;800&#8243;]Inscreva-se em nossa newsletter e receba gratuitamente um guia ebook de NYC, seu companheiro essencial para explorar Nova York.[\/vc_column_text]<div class=\"wpforms-container wpforms-container-full subscription-form\" id=\"wpforms-830\"><form id=\"wpforms-form-830\" class=\"wpforms-validate wpforms-form wpforms-ajax-form\" data-formid=\"830\" method=\"post\" enctype=\"multipart\/form-data\" action=\"\/pt-br\/wp-json\/wp\/v2\/pages\/2871\" data-token=\"3bf0af0ec7ca0229abc2d584075b06f6\" data-token-time=\"1776659215\"><noscript class=\"wpforms-error-noscript\">Ative o JavaScript no seu navegador para preencher este formul\u00e1rio.<\/noscript><div class=\"wpforms-field-container\"><div id=\"wpforms-830-field_2-container\" class=\"wpforms-field wpforms-field-email\" data-field-id=\"2\"><label class=\"wpforms-field-label wpforms-label-hide\" for=\"wpforms-830-field_2\">E-mail <span class=\"wpforms-required-label\">*<\/span><\/label><input type=\"email\" id=\"wpforms-830-field_2\" class=\"wpforms-field-large wpforms-field-required\" name=\"wpforms[fields][2]\" placeholder=\"seu e-mail\" spellcheck=\"false\" required><\/div><\/div><!-- .wpforms-field-container --><div class=\"wpforms-recaptcha-container wpforms-is-recaptcha wpforms-is-recaptcha-type-v3\" ><input type=\"hidden\" name=\"wpforms[recaptcha]\" value=\"\"><\/div><div class=\"wpforms-submit-container\" ><input type=\"hidden\" name=\"wpforms[id]\" value=\"830\"><input type=\"hidden\" name=\"page_title\" value=\"\"><input type=\"hidden\" name=\"page_url\" value=\"https:\/\/theluxurylist.nyc\/pt-br\/wp-json\/wp\/v2\/pages\/2871\"><input type=\"hidden\" name=\"url_referer\" value=\"\"><button type=\"submit\" name=\"wpforms[submit]\" id=\"wpforms-submit-830\" class=\"wpforms-submit\" data-alt-text=\"Enviando...\" data-submit-text=\"Inscreva-se\" aria-live=\"assertive\" value=\"wpforms-submit\">Inscreva-se<\/button><img loading=\"lazy\" decoding=\"async\" src=\"https:\/\/theluxurylist.nyc\/wp-content\/plugins\/wpforms-lite\/assets\/images\/submit-spin.svg\" class=\"wpforms-submit-spinner\" style=\"display: none;\" width=\"26\" height=\"26\" alt=\"Carregando\"><\/div><\/form><\/div>  <!-- .wpforms-container -->[\/vc_column_inner][\/vc_row_inner][\/vc_column][\/vc_row]\n","protected":false},"excerpt":{"rendered":"<p>[vc_row type=&#8221;full_width_content&#8221; full_screen_row_position=&#8221;middle&#8221; column_margin=&#8221;default&#8221; column_direction=&#8221;default&#8221; column_direction_tablet=&#8221;default&#8221; column_direction_phone=&#8221;default&#8221; scene_position=&#8221;center&#8221; text_color=&#8221;dark&#8221; text_align=&#8221;left&#8221; row_border_radius=&#8221;none&#8221; row_border_radius_applies=&#8221;bg&#8221; overflow=&#8221;visible&#8221; overlay_strength=&#8221;0.3&#8243; gradient_direction=&#8221;left_to_right&#8221; shape_divider_position=&#8221;bottom&#8221; bg_image_animation=&#8221;none&#8221; shape_type=&#8221;&#8221;][vc_column column_padding=&#8221;no-extra-padding&#8221; column_padding_tablet=&#8221;inherit&#8221; column_padding_phone=&#8221;inherit&#8221; column_padding_position=&#8221;all&#8221; column_element_spacing=&#8221;default&#8221; background_color_opacity=&#8221;1&#8243; background_hover_color_opacity=&#8221;1&#8243; column_shadow=&#8221;none&#8221; column_border_radius=&#8221;none&#8221; column_link_target=&#8221;_self&#8221; column_position=&#8221;default&#8221; gradient_direction=&#8221;left_to_right&#8221;&#8230;<\/p>\n","protected":false},"author":1,"featured_media":0,"parent":0,"menu_order":0,"comment_status":"closed","ping_status":"closed","template":"","meta":{"om_disable_all_campaigns":false,"_monsterinsights_skip_tracking":false,"_monsterinsights_sitenote_active":false,"_monsterinsights_sitenote_note":"","_monsterinsights_sitenote_category":0,"footnotes":""},"class_list":["post-2871","page","type-page","status-publish"],"yoast_head":"<!-- This site is optimized with the Yoast SEO plugin v27.4 - https:\/\/yoast.com\/product\/yoast-seo-wordpress\/ -->\n<title>Explore NYC Como um Local: Dicas de Especialistas e Tesouros Escondidos - Blog The Luxury List<\/title>\n<meta name=\"description\" content=\"Descubra o melhor de NYC. Acesse insights locais de especialistas, dicas valiosas de viagem e infinita inspira\u00e7\u00e3o para criar experi\u00eancias inesquec\u00edveis na cidade de Nova York.\" \/>\n<meta name=\"robots\" content=\"index, follow, max-snippet:-1, max-image-preview:large, max-video-preview:-1\" \/>\n<link rel=\"canonical\" href=\"https:\/\/theluxurylist.nyc\/pt-br\/luxury-blog\/\" \/>\n<meta property=\"og:locale\" content=\"pt_BR\" \/>\n<meta property=\"og:type\" content=\"article\" \/>\n<meta property=\"og:title\" content=\"Explore NYC Como um Local: Dicas de Especialistas e Tesouros Escondidos - Blog The Luxury List\" \/>\n<meta property=\"og:description\" content=\"Descubra o melhor de NYC. Acesse insights locais de especialistas, dicas valiosas de viagem e infinita inspira\u00e7\u00e3o para criar experi\u00eancias inesquec\u00edveis na cidade de Nova York.\" \/>\n<meta property=\"og:url\" content=\"https:\/\/theluxurylist.nyc\/pt-br\/luxury-blog\/\" \/>\n<meta property=\"og:site_name\" content=\"The Luxury List\" \/>\n<meta property=\"og:image\" content=\"https:\/\/theluxurylist.nyc\/wp-content\/uploads\/OG-Image-tll.jpg\" \/>\n\t<meta property=\"og:image:width\" content=\"1200\" \/>\n\t<meta property=\"og:image:height\" content=\"620\" \/>\n\t<meta property=\"og:image:type\" content=\"image\/jpeg\" \/>\n<meta name=\"twitter:card\" content=\"summary_large_image\" \/>\n<meta name=\"twitter:label1\" content=\"Est. tempo de leitura\" \/>\n\t<meta name=\"twitter:data1\" content=\"2 minutos\" \/>\n<script type=\"application\/ld+json\" class=\"yoast-schema-graph\">{\"@context\":\"https:\\\/\\\/schema.org\",\"@graph\":[{\"@type\":\"WebPage\",\"@id\":\"https:\\\/\\\/theluxurylist.nyc\\\/pt-br\\\/luxury-blog\\\/\",\"url\":\"https:\\\/\\\/theluxurylist.nyc\\\/pt-br\\\/luxury-blog\\\/\",\"name\":\"Explore NYC Como um Local: Dicas de Especialistas e Tesouros Escondidos - Blog The Luxury List\",\"isPartOf\":{\"@id\":\"https:\\\/\\\/theluxurylist.nyc\\\/#website\"},\"datePublished\":\"2023-11-30T19:48:22+00:00\",\"description\":\"Descubra o melhor de NYC. Acesse insights locais de especialistas, dicas valiosas de viagem e infinita inspira\u00e7\u00e3o para criar experi\u00eancias inesquec\u00edveis na cidade de Nova York.\",\"breadcrumb\":{\"@id\":\"https:\\\/\\\/theluxurylist.nyc\\\/pt-br\\\/luxury-blog\\\/#breadcrumb\"},\"inLanguage\":\"pt-BR\",\"potentialAction\":[{\"@type\":\"ReadAction\",\"target\":[\"https:\\\/\\\/theluxurylist.nyc\\\/pt-br\\\/luxury-blog\\\/\"]}]},{\"@type\":\"BreadcrumbList\",\"@id\":\"https:\\\/\\\/theluxurylist.nyc\\\/pt-br\\\/luxury-blog\\\/#breadcrumb\",\"itemListElement\":[{\"@type\":\"ListItem\",\"position\":1,\"name\":\"Home\",\"item\":\"https:\\\/\\\/theluxurylist.nyc\\\/pt-br\\\/inicio\\\/\"},{\"@type\":\"ListItem\",\"position\":2,\"name\":\"Luxury Blog\"}]},{\"@type\":\"WebSite\",\"@id\":\"https:\\\/\\\/theluxurylist.nyc\\\/#website\",\"url\":\"https:\\\/\\\/theluxurylist.nyc\\\/\",\"name\":\"The Luxury List\",\"description\":\"Experimente NYC\",\"publisher\":{\"@id\":\"https:\\\/\\\/theluxurylist.nyc\\\/#\\\/schema\\\/person\\\/1147c4c0bff5e475a305e8bfdc4e78a7\"},\"potentialAction\":[{\"@type\":\"SearchAction\",\"target\":{\"@type\":\"EntryPoint\",\"urlTemplate\":\"https:\\\/\\\/theluxurylist.nyc\\\/?s={search_term_string}\"},\"query-input\":{\"@type\":\"PropertyValueSpecification\",\"valueRequired\":true,\"valueName\":\"search_term_string\"}}],\"inLanguage\":\"pt-BR\"},{\"@type\":[\"Person\",\"Organization\"],\"@id\":\"https:\\\/\\\/theluxurylist.nyc\\\/#\\\/schema\\\/person\\\/1147c4c0bff5e475a305e8bfdc4e78a7\",\"name\":\"luxurynyc\",\"image\":{\"@type\":\"ImageObject\",\"inLanguage\":\"pt-BR\",\"@id\":\"https:\\\/\\\/theluxurylist.nyc\\\/wp-content\\\/uploads\\\/2022\\\/06\\\/logo-cream.png\",\"url\":\"https:\\\/\\\/theluxurylist.nyc\\\/wp-content\\\/uploads\\\/2022\\\/06\\\/logo-cream.png\",\"contentUrl\":\"https:\\\/\\\/theluxurylist.nyc\\\/wp-content\\\/uploads\\\/2022\\\/06\\\/logo-cream.png\",\"width\":500,\"height\":114,\"caption\":\"luxurynyc\"},\"logo\":{\"@id\":\"https:\\\/\\\/theluxurylist.nyc\\\/wp-content\\\/uploads\\\/2022\\\/06\\\/logo-cream.png\"},\"sameAs\":[\"https:\\\/\\\/theluxurylist.nyc\"]}]}<\/script>\n<!-- \/ Yoast SEO plugin. -->","yoast_head_json":{"title":"Explore NYC Como um Local: Dicas de Especialistas e Tesouros Escondidos - Blog The Luxury List","description":"Descubra o melhor de NYC. Acesse insights locais de especialistas, dicas valiosas de viagem e infinita inspira\u00e7\u00e3o para criar experi\u00eancias inesquec\u00edveis na cidade de Nova York.","robots":{"index":"index","follow":"follow","max-snippet":"max-snippet:-1","max-image-preview":"max-image-preview:large","max-video-preview":"max-video-preview:-1"},"canonical":"https:\/\/theluxurylist.nyc\/pt-br\/luxury-blog\/","og_locale":"pt_BR","og_type":"article","og_title":"Explore NYC Como um Local: Dicas de Especialistas e Tesouros Escondidos - Blog The Luxury List","og_description":"Descubra o melhor de NYC. Acesse insights locais de especialistas, dicas valiosas de viagem e infinita inspira\u00e7\u00e3o para criar experi\u00eancias inesquec\u00edveis na cidade de Nova York.","og_url":"https:\/\/theluxurylist.nyc\/pt-br\/luxury-blog\/","og_site_name":"The Luxury List","og_image":[{"width":1200,"height":620,"url":"https:\/\/theluxurylist.nyc\/wp-content\/uploads\/OG-Image-tll.jpg","type":"image\/jpeg"}],"twitter_card":"summary_large_image","twitter_misc":{"Est. tempo de leitura":"2 minutos"},"schema":{"@context":"https:\/\/schema.org","@graph":[{"@type":"WebPage","@id":"https:\/\/theluxurylist.nyc\/pt-br\/luxury-blog\/","url":"https:\/\/theluxurylist.nyc\/pt-br\/luxury-blog\/","name":"Explore NYC Como um Local: Dicas de Especialistas e Tesouros Escondidos - Blog The Luxury List","isPartOf":{"@id":"https:\/\/theluxurylist.nyc\/#website"},"datePublished":"2023-11-30T19:48:22+00:00","description":"Descubra o melhor de NYC. Acesse insights locais de especialistas, dicas valiosas de viagem e infinita inspira\u00e7\u00e3o para criar experi\u00eancias inesquec\u00edveis na cidade de Nova York.","breadcrumb":{"@id":"https:\/\/theluxurylist.nyc\/pt-br\/luxury-blog\/#breadcrumb"},"inLanguage":"pt-BR","potentialAction":[{"@type":"ReadAction","target":["https:\/\/theluxurylist.nyc\/pt-br\/luxury-blog\/"]}]},{"@type":"BreadcrumbList","@id":"https:\/\/theluxurylist.nyc\/pt-br\/luxury-blog\/#breadcrumb","itemListElement":[{"@type":"ListItem","position":1,"name":"Home","item":"https:\/\/theluxurylist.nyc\/pt-br\/inicio\/"},{"@type":"ListItem","position":2,"name":"Luxury Blog"}]},{"@type":"WebSite","@id":"https:\/\/theluxurylist.nyc\/#website","url":"https:\/\/theluxurylist.nyc\/","name":"The Luxury List","description":"Experimente NYC","publisher":{"@id":"https:\/\/theluxurylist.nyc\/#\/schema\/person\/1147c4c0bff5e475a305e8bfdc4e78a7"},"potentialAction":[{"@type":"SearchAction","target":{"@type":"EntryPoint","urlTemplate":"https:\/\/theluxurylist.nyc\/?s={search_term_string}"},"query-input":{"@type":"PropertyValueSpecification","valueRequired":true,"valueName":"search_term_string"}}],"inLanguage":"pt-BR"},{"@type":["Person","Organization"],"@id":"https:\/\/theluxurylist.nyc\/#\/schema\/person\/1147c4c0bff5e475a305e8bfdc4e78a7","name":"luxurynyc","image":{"@type":"ImageObject","inLanguage":"pt-BR","@id":"https:\/\/theluxurylist.nyc\/wp-content\/uploads\/2022\/06\/logo-cream.png","url":"https:\/\/theluxurylist.nyc\/wp-content\/uploads\/2022\/06\/logo-cream.png","contentUrl":"https:\/\/theluxurylist.nyc\/wp-content\/uploads\/2022\/06\/logo-cream.png","width":500,"height":114,"caption":"luxurynyc"},"logo":{"@id":"https:\/\/theluxurylist.nyc\/wp-content\/uploads\/2022\/06\/logo-cream.png"},"sameAs":["https:\/\/theluxurylist.nyc"]}]}},"_links":{"self":[{"href":"https:\/\/theluxurylist.nyc\/pt-br\/wp-json\/wp\/v2\/pages\/2871","targetHints":{"allow":["GET"]}}],"collection":[{"href":"https:\/\/theluxurylist.nyc\/pt-br\/wp-json\/wp\/v2\/pages"}],"about":[{"href":"https:\/\/theluxurylist.nyc\/pt-br\/wp-json\/wp\/v2\/types\/page"}],"author":[{"embeddable":true,"href":"https:\/\/theluxurylist.nyc\/pt-br\/wp-json\/wp\/v2\/users\/1"}],"replies":[{"embeddable":true,"href":"https:\/\/theluxurylist.nyc\/pt-br\/wp-json\/wp\/v2\/comments?post=2871"}],"version-history":[{"count":9,"href":"https:\/\/theluxurylist.nyc\/pt-br\/wp-json\/wp\/v2\/pages\/2871\/revisions"}],"predecessor-version":[{"id":3124,"href":"https:\/\/theluxurylist.nyc\/pt-br\/wp-json\/wp\/v2\/pages\/2871\/revisions\/3124"}],"wp:attachment":[{"href":"https:\/\/theluxurylist.nyc\/pt-br\/wp-json\/wp\/v2\/media?parent=2871"}],"curies":[{"name":"wp","href":"https:\/\/api.w.org\/{rel}","templated":true}]}}